{"id":828,"date":"2025-11-06T20:52:29","date_gmt":"2025-11-06T20:52:29","guid":{"rendered":"https:\/\/lofrequency.dk\/?page_id=828"},"modified":"2025-11-13T21:16:15","modified_gmt":"2025-11-13T21:16:15","slug":"velkommen-til-lofrequency-dk","status":"publish","type":"page","link":"https:\/\/lofrequency.dk\/index.php\/velkommen-til-lofrequency-dk\/","title":{"rendered":"Velkommen til LOFREQUENCY.DK"},"content":{"rendered":"\n<h5 class=\"wp-block-heading\">LO FREQUENCY er et nyt dansk frivilligt drevet net-medie, hvor vi besk\u00e6ftiger os med den alternative og sk\u00e6ve del af det moderne kulturudbud. <\/h5>\n\n\n\n<p>Vi tager den store feltspade frem og graver os et spadestik dybere ned i den spirende undergrund af musik, film, serier, tegneserier og litteratur. Vi pr\u00e6senterer dig for det du ikke vidste du manglede, og vores mission er at kaste lys over det der sj\u00e6ldent bliver hevet op til overfladen, men som efter vores bedste overbevisning er der hvor &#8216;guldet&#8217; ligger gemt. <br><br>Vi h\u00e5ber du er frisk p\u00e5 at joine os, n\u00e5r vi tager springet ud p\u00e5 ukendt kulturelt farvand. Du kommer til at kunne finde dugfriske anmeldelser i <strong><a href=\"https:\/\/lofrequency.dk\/index.php\/reviews\/\" data-type=\"page\" data-id=\"797\">Reviews<\/a><\/strong>-sektionen, <strong><a href=\"https:\/\/lofrequency.dk\/index.php\/features\/\" data-type=\"page\" data-id=\"796\">Features<\/a><\/strong>-sektionen er forbeholdt interviews, artikler med fokus p\u00e5 forskellige subgenrer osv. , og klummer med fokus p\u00e5 udvalgte emner ifbm. hvad der r\u00f8r sig indenfor musik, film osv. som helhed.<br><br><strong><a href=\"https:\/\/lofrequency.dk\/index.php\/anbefalinger\/\" data-type=\"page\" data-id=\"798\">Anbefalinger<\/a><\/strong>-sektionen bliver en samling korte anbefalinger til hvad vi her p\u00e5 sitet synes er v\u00e6rd at dykke ned i lige nu, akkompagneret af playlists og videoer.<br><br><strong>God l\u00e6selyst derude.<\/strong><br><\/p>\n\n\n\n<p><br><\/p>\n\n\n\n<p><\/p>\n","protected":false},"excerpt":{"rendered":"<p>LO FREQUENCY er et nyt dansk frivilligt drevet net-medie, hvor vi besk\u00e6ftiger os med den alternative og sk\u00e6ve del af det moderne kulturudbud. Vi tager den store feltspade frem og graver os et spadestik dybere ned i den spirende undergrund af musik, film, serier, tegneserier og litteratur. Vi pr\u00e6senterer dig for det du ikke vidste [&hellip;]<\/p>\n","protected":false},"author":1,"featured_media":0,"parent":0,"menu_order":0,"comment_status":"closed","ping_status":"closed","template":"","meta":{"pgc_sgb_lightbox_settings":"","footnotes":""},"class_list":["post-828","page","type-page","status-publish","hentry"],"blocksy_meta":[],"_links":{"self":[{"href":"https:\/\/lofrequency.dk\/index.php\/wp-json\/wp\/v2\/pages\/828","targetHints":{"allow":["GET"]}}],"collection":[{"href":"https:\/\/lofrequency.dk\/index.php\/wp-json\/wp\/v2\/pages"}],"about":[{"href":"https:\/\/lofrequency.dk\/index.php\/wp-json\/wp\/v2\/types\/page"}],"author":[{"embeddable":true,"href":"https:\/\/lofrequency.dk\/index.php\/wp-json\/wp\/v2\/users\/1"}],"replies":[{"embeddable":true,"href":"https:\/\/lofrequency.dk\/index.php\/wp-json\/wp\/v2\/comments?post=828"}],"version-history":[{"count":6,"href":"https:\/\/lofrequency.dk\/index.php\/wp-json\/wp\/v2\/pages\/828\/revisions"}],"predecessor-version":[{"id":998,"href":"https:\/\/lofrequency.dk\/index.php\/wp-json\/wp\/v2\/pages\/828\/revisions\/998"}],"wp:attachment":[{"href":"https:\/\/lofrequency.dk\/index.php\/wp-json\/wp\/v2\/media?parent=828"}],"curies":[{"name":"wp","href":"https:\/\/api.w.org\/{rel}","templated":true}]}}