{"id":796,"date":"2025-11-06T20:04:35","date_gmt":"2025-11-06T20:04:35","guid":{"rendered":"https:\/\/lofrequency.dk\/?page_id=796"},"modified":"2026-01-03T21:43:26","modified_gmt":"2026-01-03T21:43:26","slug":"features","status":"publish","type":"page","link":"https:\/\/lofrequency.dk\/index.php\/features\/","title":{"rendered":"Features"},"content":{"rendered":"\n<h4 class=\"wp-block-heading\"><strong>Toplister 2025<\/strong><\/h4>\n\n\n\n<p>Vi skriver nu 2026, og mens vi ser frem til alle de fede udgivelser der er at gl\u00e6de sig til i \u00e5r, bringer vi her Jonas liste over favoritudgivelser fra \u00e5ret der netop er g\u00e5et.<\/p>\n\n\n\n<h5 class=\"wp-block-heading\"><strong>Jonas Top Udgivelser 2025<\/strong><\/h5>\n\n\n\n<figure class=\"wp-block-image size-full\" style=\"margin-top:0;margin-bottom:0\"><a href=\"https:\/\/lofrequency.dk\/index.php\/2026\/01\/03\/top-albums-fra-2025-jonas\/\"><img loading=\"lazy\" decoding=\"async\" width=\"900\" height=\"900\" src=\"https:\/\/lofrequency.dk\/wp-content\/uploads\/2026\/01\/aotylist2025_cover_jonas-1.jpg\" alt=\"\" class=\"wp-image-1290\" style=\"object-fit:cover\" srcset=\"https:\/\/lofrequency.dk\/wp-content\/uploads\/2026\/01\/aotylist2025_cover_jonas-1.jpg 900w, https:\/\/lofrequency.dk\/wp-content\/uploads\/2026\/01\/aotylist2025_cover_jonas-1-300x300.jpg 300w, https:\/\/lofrequency.dk\/wp-content\/uploads\/2026\/01\/aotylist2025_cover_jonas-1-150x150.jpg 150w, https:\/\/lofrequency.dk\/wp-content\/uploads\/2026\/01\/aotylist2025_cover_jonas-1-768x768.jpg 768w\" sizes=\"auto, (max-width: 900px) 100vw, 900px\" \/><\/a><figcaption class=\"wp-element-caption\"><em>Jonas Top Udgivelser 2025<\/em><\/figcaption><\/figure>\n\n\n\n<p><br>S\u00e5 er 2025 ved at g\u00e5 p\u00e5 h\u00e6ld, og derfor er vi nu klar med lister over vores favoritudgivelser der er udkommet i \u00e5rets l\u00f8b. Her er det Martin der giver sit bud p\u00e5 de bedste albumudgivelser musik\u00e5ret 2025 har beriget os med.<\/p>\n\n\n\n<h5 class=\"wp-block-heading\"><strong>Martins Top Udgivelser 2025<\/strong><\/h5>\n\n\n\n<figure class=\"wp-block-image size-full\" style=\"margin-top:0;margin-bottom:0\"><a href=\"https:\/\/lofrequency.dk\/index.php\/2025\/12\/31\/top-albums-fra-2025-martin\/\"><img loading=\"lazy\" decoding=\"async\" width=\"900\" height=\"900\" src=\"http:\/\/lofrequency.dk\/wp-content\/uploads\/2025\/12\/aotylist2025_cover.jpg\" alt=\"\" class=\"wp-image-1255\" style=\"object-fit:cover\" srcset=\"https:\/\/lofrequency.dk\/wp-content\/uploads\/2025\/12\/aotylist2025_cover.jpg 900w, https:\/\/lofrequency.dk\/wp-content\/uploads\/2025\/12\/aotylist2025_cover-300x300.jpg 300w, https:\/\/lofrequency.dk\/wp-content\/uploads\/2025\/12\/aotylist2025_cover-150x150.jpg 150w, https:\/\/lofrequency.dk\/wp-content\/uploads\/2025\/12\/aotylist2025_cover-768x768.jpg 768w\" sizes=\"auto, (max-width: 900px) 100vw, 900px\" \/><\/a><figcaption class=\"wp-element-caption\"><em>Martins Top Udgivelser 2025<\/em><\/figcaption><\/figure>\n\n\n\n<p><\/p>\n\n\n\n<h4 class=\"wp-block-heading\"><strong>Features &#8211; Velkomst<\/strong><\/h4>\n\n\n\n<p>Velkommen til features sektionen p\u00e5 LOFrequency &#8211; det er her hvor vi vil bringe nogle lidt mere dybdeg\u00e5ende artikler der kommenterer p\u00e5 relevante debatter eller problemstillinger i dagens moderne kulturudbud, men ogs\u00e5 her hvor vi vil bringe f.eks bandinterviews, historisk gennemgang af genrer, vores bud p\u00e5 det bedste indenfor en given genre, \u00e6ra eller tidsperiode.<br><br>Da det naturligvis tager tid at forfatte disse artikler, og dette site er drevet p\u00e5 frivillig basis, af indtil videre, kun 1 skribent &#8211; m\u00e5 i lige v\u00e6bne jer med t\u00e5lmodig, og ty til de &#8216;korte anbefalinger&#8217; samt &#8216;reviews&#8217; der naturligvis ogs\u00e5 vil komme flere af inden alt for l\u00e6nge. S\u00e5 husk at kigge forbi sitet med j\u00e6vnlige mellemrum, eller f\u00f8lg med p\u00e5 vores FB og Instagram sites.<\/p>\n\n\n\n<figure class=\"wp-block-image size-full\"><img loading=\"lazy\" decoding=\"async\" width=\"935\" height=\"500\" src=\"https:\/\/lofrequency.dk\/wp-content\/uploads\/2025\/12\/features_spacerockmetal.jpg\" alt=\"\" class=\"wp-image-1172\" srcset=\"https:\/\/lofrequency.dk\/wp-content\/uploads\/2025\/12\/features_spacerockmetal.jpg 935w, https:\/\/lofrequency.dk\/wp-content\/uploads\/2025\/12\/features_spacerockmetal-300x160.jpg 300w, https:\/\/lofrequency.dk\/wp-content\/uploads\/2025\/12\/features_spacerockmetal-768x411.jpg 768w\" sizes=\"auto, (max-width: 935px) 100vw, 935px\" \/><figcaption class=\"wp-element-caption\">billede (c) pexels.com<\/figcaption><\/figure>\n\n\n\n<p>Jeg kan dog allerede afsl\u00f8re at der naturligvis vil komme Top Album-lister op for 2025, og at jeg (Martin) som det f\u00f8rste kommer til at arbejde p\u00e5 en lille artikel om &#8216;metal og rock med Science-Fiction som inspiration&#8217; hvor jeg kommer til at gennemg\u00e5 hvorledes mange bands helt fra Hawkwind over Deep Purple over Voivod, Iron Maiden og Fear Factory til Nocturnus, Aurora Borealis, Havok, Otargos, Fractal Generator o.a med succes har taget inspiration fra litteratur, film og videnskab med udgangspunkt i Science Fiction genren. <br><br><strong><em>Den kan i gl\u00e6de jer til i l\u00f8bet af Januar-Februar 2026<\/em><\/strong><\/p>\n\n\n\n<div style=\"height:65px\" aria-hidden=\"true\" class=\"wp-block-spacer\"><\/div>\n","protected":false},"excerpt":{"rendered":"<p>Toplister 2025 Vi skriver nu 2026, og mens vi ser frem til alle de fede udgivelser der er at gl\u00e6de sig til i \u00e5r, bringer vi her Jonas liste over favoritudgivelser fra \u00e5ret der netop er g\u00e5et. Jonas Top Udgivelser 2025 S\u00e5 er 2025 ved at g\u00e5 p\u00e5 h\u00e6ld, og derfor er vi nu klar [&hellip;]<\/p>\n","protected":false},"author":1,"featured_media":0,"parent":0,"menu_order":0,"comment_status":"closed","ping_status":"closed","template":"","meta":{"pgc_sgb_lightbox_settings":"","footnotes":""},"class_list":["post-796","page","type-page","status-publish","hentry"],"blocksy_meta":[],"_links":{"self":[{"href":"https:\/\/lofrequency.dk\/index.php\/wp-json\/wp\/v2\/pages\/796","targetHints":{"allow":["GET"]}}],"collection":[{"href":"https:\/\/lofrequency.dk\/index.php\/wp-json\/wp\/v2\/pages"}],"about":[{"href":"https:\/\/lofrequency.dk\/index.php\/wp-json\/wp\/v2\/types\/page"}],"author":[{"embeddable":true,"href":"https:\/\/lofrequency.dk\/index.php\/wp-json\/wp\/v2\/users\/1"}],"replies":[{"embeddable":true,"href":"https:\/\/lofrequency.dk\/index.php\/wp-json\/wp\/v2\/comments?post=796"}],"version-history":[{"count":8,"href":"https:\/\/lofrequency.dk\/index.php\/wp-json\/wp\/v2\/pages\/796\/revisions"}],"predecessor-version":[{"id":1294,"href":"https:\/\/lofrequency.dk\/index.php\/wp-json\/wp\/v2\/pages\/796\/revisions\/1294"}],"wp:attachment":[{"href":"https:\/\/lofrequency.dk\/index.php\/wp-json\/wp\/v2\/media?parent=796"}],"curies":[{"name":"wp","href":"https:\/\/api.w.org\/{rel}","templated":true}]}}