{"id":1064,"date":"2025-11-26T22:45:16","date_gmt":"2025-11-26T22:45:16","guid":{"rendered":"https:\/\/lofrequency.dk\/?page_id=1064"},"modified":"2026-04-03T15:37:21","modified_gmt":"2026-04-03T15:37:21","slug":"anbefalinger","status":"publish","type":"page","link":"https:\/\/lofrequency.dk\/","title":{"rendered":"Anbefalinger"},"content":{"rendered":"<div style=\"border-style:none;border-width:0px; margin-top:0;margin-bottom:0;\" class=\"has-text-align-left wp-block-post-author\"><div class=\"wp-block-post-author__avatar\"><img alt='' src='https:\/\/secure.gravatar.com\/avatar\/ec51ca777856fd25c3e4761b22726e4dc9b9f564ca7c89a9bca814f34e88404d?s=48&#038;d=mm&#038;r=g' srcset='https:\/\/secure.gravatar.com\/avatar\/ec51ca777856fd25c3e4761b22726e4dc9b9f564ca7c89a9bca814f34e88404d?s=96&#038;d=mm&#038;r=g 2x' class='avatar avatar-48 photo' height='48' width='48' \/><\/div><div class=\"wp-block-post-author__content\"><p class=\"wp-block-post-author__byline\"><em>af Martin S\u00f8rensen<\/em><\/p><p class=\"wp-block-post-author__name\">Lo Frequency<\/p><\/div><\/div>\n\n\n<h3 class=\"wp-block-heading\">Januar + Februar (korte anbefalinger)<\/h3>\n\n\n\n<p>Efter en mere eller mindre ufrivillig pause fra LoFrequency er jeg (Martin) igen tilbage med en lille stak anbefalinger til hvad jeg synes er v\u00e6rd at lytte til af udgivelser, samt lidt forvarsler p\u00e5 hvad der er lige om hj\u00f8rnet at gl\u00e6de sig til. Lad os bare hoppe ud i det uden yderligere sniksnak.<\/p>\n\n\n\n<h5 class=\"wp-block-heading\">Towering &#8211; Obliation of Man<\/h5>\n\n\n\n<p>Da min gode kammerat Alex Dolorem <strong>(Dolorem Records)<\/strong> i sin tid fik mig hooked p\u00e5 Franske <strong>Towering<\/strong>s debutudgivelse <em>&#8216;The Obscuring Manifestation&#8217;<\/em> blev jeg hooked lige fra f\u00f8rste lyt, de her gutter kan alts\u00e5 et eller andet helt specielt n\u00e5r det kommer til blackened dissonant d\u00f8dsmetal. Towering er en alt\u00f8del\u00e6ggende giftig og effektiv mikstur af bands som <strong>Ulcerate<\/strong>, <strong>Decapitated<\/strong>, canadiske <strong>Wake<\/strong>, og ligeledes franske <strong>Ad Patres<\/strong> og med en knivspids dissonant black-metal i stil med <strong>Lorn<\/strong>, <strong>Aosoth<\/strong> og <strong>Otargos<\/strong>. Deres nye single <em>&#8216;The Devouring Presence&#8217;<\/em> der kan h\u00f8res nedenfor er om muligt endnu mere intens og eksplosiv og l\u00e6ner sig faktisk endnu mere imod black inspirationerne. Hvis det her er nogen indikation for hvad vi kan vente os n\u00e5r vi n\u00e6rmer os d.3 April hvor deres anden fuldl\u00e6ngde <em>&#8216;Obliation of Man&#8217;<\/em> lander, s\u00e5 er der virkelig fede ting i vente, det er helt sikkert.<\/p>\n\n\n\n<figure class=\"wp-block-embed is-type-video is-provider-youtube wp-block-embed-youtube wp-embed-aspect-16-9 wp-has-aspect-ratio\"><div class=\"wp-block-embed__wrapper\">\n<iframe loading=\"lazy\" title=\"Towering - &quot;The Devouring Presence&quot; (OFFICIAL TRACK)\" width=\"1050\" height=\"591\" src=\"https:\/\/www.youtube.com\/embed\/PLjRXT0uo0w?feature=oembed\" frameborder=\"0\" allow=\"accelerometer; autoplay; clipboard-write; encrypted-media; gyroscope; picture-in-picture; web-share\" referrerpolicy=\"strict-origin-when-cross-origin\" allowfullscreen><\/iframe>\n<\/div><\/figure>\n\n\n\n<h5 class=\"wp-block-heading\">Coyote feat. Locksmith &amp; R.A The Rugged Man &#8211; What&#8217;s Peace<\/h5>\n\n\n\n<p>P\u00e5 tracket med den rammende titel <em>&#8216;What&#8217;s Peace&#8217;<\/em> har den mexikansk-amerikanske gruppe <strong>Coyote<\/strong> inviteret <strong>Locksmith<\/strong> og den altid habile dirty-rotten rhymer <strong>R.A The Rugged Man<\/strong> med p\u00e5 et politisk track om tingenes generelle tilstand i the &#8220;Land of The Free &amp; Home of the Brave&#8221; som &#8216;surprise surprise&#8217; ikke er specielt rosenr\u00f8dt. <strong>Statik Selektah<\/strong> har produceret et stemningsfuldt beat med kor, music-box, klokkespil og tung tung bas, lige som undertegnede kan lide det. &#8220;Only Peace\/Piece that i keep is my nine&#8221;<\/p>\n\n\n\n<figure class=\"wp-block-embed is-type-video is-provider-youtube wp-block-embed-youtube wp-embed-aspect-4-3 wp-has-aspect-ratio\"><div class=\"wp-block-embed__wrapper\">\n<iframe loading=\"lazy\" title=\"Coyote feat. Locksmith + R.A. the Rugged Man - What&#039;s Peace (2026)\" width=\"1050\" height=\"788\" src=\"https:\/\/www.youtube.com\/embed\/Rm9bIf_cmrY?feature=oembed\" frameborder=\"0\" allow=\"accelerometer; autoplay; clipboard-write; encrypted-media; gyroscope; picture-in-picture; web-share\" referrerpolicy=\"strict-origin-when-cross-origin\" allowfullscreen><\/iframe>\n<\/div><\/figure>\n\n\n\n<h5 class=\"wp-block-heading\">B1 The Architect &amp; DanoBravo &#8211; The New Frontier<\/h5>\n\n\n\n<p>Den n\u00e6ste anbefaling er faktisk til et album der udkom i 2025, men som undertegnede f\u00f8rst er faldet over i starten af 2026 da den canadiske rapper og producer (samt den ene halvdel af den eksperimentale hiphop\/prog-rock duo <strong>Blade Runnerz<\/strong>) <strong>B1 The Architect<\/strong> dukkede op p\u00e5 min radar m. tracket <em>&#8216;Broken Stairways&#8217;<\/em>. Her dropper han sammen med sin, ligeledes canadiske, kollega <strong>Daniel Son<\/strong> samt <strong>Flashbang Jimmy<\/strong> lyrisk tungsind fra livets skyggeside over dystert kor og guitarer, dissonante lavt pitchede klokkespil og klaversamples. <br><br>Det ene f\u00f8rte til det andet, og endte med at tjekke op for <strong>B1<\/strong> og <strong>Danobravo<\/strong>s fuldl\u00e6ngde fra 2025 <em>&#8216;The New Frontier&#8217;<\/em> og faldt straks for B1s prog-inspirerede, abstrakte og let stenede stil, samt hans fabuleringer over livets paradokser og den evige kamp for at klare sig gennem dagen og vejen n\u00e5r samfundet synes at blive uoverskueligt og uretf\u00e6rdigt (eksempelvis p\u00e5 tracket <em>&#8216;Hard Times&#8217;<\/em> hvor den ber\u00f8mte &#8216;Hard Times&#8217; wrestling promo af Dusty &#8216;The American Dream&#8217; Rhodes (R.I.P Dusty) samples i mellemstykket). <br><br>Dette track efterf\u00f8lges af mit favorittrack fra skiven<em> &#8216;Broken Man&#8217;<\/em> hvor der rappes om kamp mod egne d\u00e6moner, dedikationen til musikken , og manglen p\u00e5 en Plan-B at falde tilbage p\u00e5. Hvis det st\u00e5r til mig, skal han nok f\u00e5 succes med musikken, for han har helt klart noget p\u00e5 hjerte, og pr\u00e6senterer os for veludf\u00f8rte produktioner og flows der er v\u00e6rd at dykke ned i igen og igen. Tjek blot <em>&#8216;Hard Times&#8217;<\/em> fra albummet ud i videoen nedenfor.<\/p>\n\n\n\n<figure class=\"wp-block-embed is-type-video is-provider-youtube wp-block-embed-youtube wp-embed-aspect-16-9 wp-has-aspect-ratio\"><div class=\"wp-block-embed__wrapper\">\n<iframe loading=\"lazy\" title=\"B1 The Architect x Dano Bravo - Hard Times (Official Music Video)\" width=\"1050\" height=\"591\" src=\"https:\/\/www.youtube.com\/embed\/6qvL2boTxIY?feature=oembed\" frameborder=\"0\" allow=\"accelerometer; autoplay; clipboard-write; encrypted-media; gyroscope; picture-in-picture; web-share\" referrerpolicy=\"strict-origin-when-cross-origin\" allowfullscreen><\/iframe>\n<\/div><\/figure>\n\n\n\n<h3 class=\"wp-block-heading\">December 2025 (korte anbefalinger)<\/h3>\n\n\n\n<p>Mine anbefalinger til hvad man b\u00f8r tjekke op for af udgivelser der er droppet i l\u00f8bet af den sidste m\u00e5neds tid.<\/p>\n\n\n\n<h5 class=\"wp-block-heading\">Novatore &amp; C-Lance &#8211; Embrace The Darkness part III<\/h5>\n\n\n\n<p>Chicago rapperen <strong>Novatore<\/strong> har v\u00e6ret p\u00e5 radaren hos undertegnede l\u00e6nge, faktisk begyndte jeg at lytte til ham tilbage da han udgav <em>&#8216;Embrace The Darkness&#8217; <\/em>sammen med produceren <strong>C-Lance<\/strong> (som jeg kendte fra hans produktioner p\u00e5 <em>&#8216;<strong>Jedi Mind Tricks<\/strong> &#8211; Violence Begets Violence&#8217;<\/em> albummet). Nu er tiden s\u00e5 kommet til at h\u00e6fte ende p\u00e5 trilogien, og det har bestemt v\u00e6ret v\u00e6rd at vente p\u00e5. Produktionerne her er lidt m\u00f8rkere, men stadig lige s\u00e5 stemningsfulde og filmiske som tilbage p\u00e5 ETD pt.II, og specielt et track som <em>&#8216;Mannequins&#8217;<\/em> med <strong>Tonespliff<\/strong> p\u00e5 cuts, rammer de helt rigtige steder hos denne lytter. Jeg vil dog slutte af med at konstatere at <strong>Novatore<\/strong> virkelig har forbedret sig b\u00e5de mht. tekstforfatning samt teknisk og leveringsm\u00e6ssigt. S\u00e5 hvis man er fan af de to forrige ETD skiver, skal man bestemt samle denne her op. Det kan g\u00f8res her i Europa via. <a href=\"https:\/\/www.goonsgear.com\/produkt\/novatore-c-lance-embrace-the-darkness-iii-vinyl\/\" data-type=\"link\" data-id=\"https:\/\/www.goonsgear.com\/produkt\/novatore-c-lance-embrace-the-darkness-iii-vinyl\/\" target=\"_blank\" rel=\"noreferrer noopener\">goonsgear.com<\/a><\/p>\n\n\n\n<figure class=\"wp-block-embed is-type-video is-provider-youtube wp-block-embed-youtube wp-embed-aspect-16-9 wp-has-aspect-ratio\"><div class=\"wp-block-embed__wrapper\">\n<iframe loading=\"lazy\" title=\"Novatore - Mannequins (Prod by C-Lance) Cutz by Tone Spliff\" width=\"1050\" height=\"591\" src=\"https:\/\/www.youtube.com\/embed\/wWZksX4XOO0?feature=oembed\" frameborder=\"0\" allow=\"accelerometer; autoplay; clipboard-write; encrypted-media; gyroscope; picture-in-picture; web-share\" referrerpolicy=\"strict-origin-when-cross-origin\" allowfullscreen><\/iframe>\n<\/div><\/figure>\n\n\n\n<h5 class=\"wp-block-heading\">OT The Real &#8211; The Wars I&#8217;ve Won<\/h5>\n\n\n\n<p>Dyster og grimy hardcore hiphop fra (<strong>Benny The Butcher<\/strong> affilierede) <strong>OT The Real<\/strong> &#8211; Lige ud af &#8216;The City of Brotherly Love&#8217; Philadelphia. Tunge pianodrevne beats, og aggressiv on-point levering af \u00e6gte street rap giver mindelser om soundtracket til en mafiafilm. Tracket <em>&#8216;Mick Jagger&#8217;<\/em> er en klar personlig favorit hos undertegnede. &#8211; &#8220;they know I roll with the stones like Mick Jagger&#8221;<\/p>\n\n\n\n<figure class=\"wp-block-embed is-type-video is-provider-youtube wp-block-embed-youtube wp-embed-aspect-4-3 wp-has-aspect-ratio\"><div class=\"wp-block-embed__wrapper\">\n<iframe loading=\"lazy\" title=\"Mick Jagger\" width=\"1050\" height=\"788\" src=\"https:\/\/www.youtube.com\/embed\/EuqnC80AyvA?feature=oembed\" frameborder=\"0\" allow=\"accelerometer; autoplay; clipboard-write; encrypted-media; gyroscope; picture-in-picture; web-share\" referrerpolicy=\"strict-origin-when-cross-origin\" allowfullscreen><\/iframe>\n<\/div><\/figure>\n\n\n\n<h5 class=\"wp-block-heading\">Mobb Deep &#8211; Infinite<\/h5>\n\n\n\n<p>Queens Bridges bedste aka <strong>Mobb Deep<\/strong> udgiver deres niende og sidste album. Albummet best\u00e5r af optagelser af afd\u00f8de <strong>Prodigy<\/strong> fra 2017, og er blevet f\u00e6rdiggjort af gruppens tilbagev\u00e6rende medlem produceren <strong>Havoc<\/strong> i samarbejde med navnkundige <strong>Alchemist<\/strong>. Det er i den grad lykkes at f\u00e5 den \u00e6gte M-O-B-B stemning frem i beatsne og P&#8217;s vokal. Mit personlige favorit track p\u00e5 skiven er <em>&#8216;The M. The O. The B. The B.&#8217;<\/em> hvor <strong>Big Noyd<\/strong> er med p\u00e5 feature. Albummet overstiger i den grad forventningerne efter min overbevisning, og cementerer deres indflydelse og betydning for hardcore New York rap gennem nu to \u00e5rtier.<\/p>\n\n\n\n<figure class=\"wp-block-embed is-type-video is-provider-youtube wp-block-embed-youtube wp-embed-aspect-4-3 wp-has-aspect-ratio\"><div class=\"wp-block-embed__wrapper\">\n<iframe loading=\"lazy\" title=\"The M. The O. The B. The B.\" width=\"1050\" height=\"788\" src=\"https:\/\/www.youtube.com\/embed\/QNoVFZan9dY?feature=oembed\" frameborder=\"0\" allow=\"accelerometer; autoplay; clipboard-write; encrypted-media; gyroscope; picture-in-picture; web-share\" referrerpolicy=\"strict-origin-when-cross-origin\" allowfullscreen><\/iframe>\n<\/div><\/figure>\n\n\n\n<h5 class=\"wp-block-heading\">Aesop Rock &#8211; I Heard It&#8217;s A Mess There Too<\/h5>\n\n\n\n<p>Kongen af indie-rap-ekstraordinaire, <strong>Aesop Rock<\/strong> beh\u00f8ver vel n\u00e6ppe nogen n\u00e6rmere introduktion, og han har endda v\u00e6ret s\u00e5 produktiv at dette er den anden fuldl\u00e6ngde han velsigner os med i \u00e5r. Lyd- og konceptm\u00e6ssigt er <em>&#8216;I Heard It&#8217;s A Mess There Too&#8217;<\/em> ogs\u00e5 klart i den mere simple ende i forhold til <em>&#8216;Black Hole Superette&#8217;<\/em> som vi fik tidligere p\u00e5 \u00e5ret. Men faktisk er det forfriskende at h\u00f8re ham sk\u00e6re det hele ind til benet, og dyrke det minimalistiske og de mere umiddelbare observationer fra en altid kr\u00f8llet hjerne komme til udtryk, som det g\u00f8r p\u00e5 albummet her. Faktisk lugter mange af tracksne her lidt af de \u00e6ldre <strong>Rob Sonic<\/strong>-ting fra <strong>Def Jux<\/strong>-tiden, og hos undertegnede er det klart et kvalitetsstempel.<\/p>\n\n\n\n<figure class=\"wp-block-embed is-type-video is-provider-youtube wp-block-embed-youtube wp-embed-aspect-16-9 wp-has-aspect-ratio\"><div class=\"wp-block-embed__wrapper\">\n<iframe loading=\"lazy\" title=\"Aesop Rock - The Cut (Official Audio)\" width=\"1050\" height=\"591\" src=\"https:\/\/www.youtube.com\/embed\/HwMmJoUaEvs?feature=oembed\" frameborder=\"0\" allow=\"accelerometer; autoplay; clipboard-write; encrypted-media; gyroscope; picture-in-picture; web-share\" referrerpolicy=\"strict-origin-when-cross-origin\" allowfullscreen><\/iframe>\n<\/div><\/figure>\n\n\n\n<h5 class=\"wp-block-heading\">Top Hooter &amp; MichaelAngelo &#8211; Hooter Hyena<\/h5>\n\n\n\n<p><strong>MichaelAngelo<\/strong> (som bl.a. har produceret beats for <strong>Eto<\/strong> og <strong>CrimeApple<\/strong>) har produceret denne ultra dope fuldl\u00e6ngde fra Boston rapperen <strong>Top Hooter<\/strong>. <em>&#8216;Wolf Gang Sweep&#8217;<\/em> lyder som noget fra en 70er sci-fi b-film, og de sk\u00e6ve og virtuose beats er intet mindre end f\u00e6nomenale som AJ Styles.<\/p>\n\n\n\n<figure class=\"wp-block-embed is-type-video is-provider-youtube wp-block-embed-youtube wp-embed-aspect-16-9 wp-has-aspect-ratio\"><div class=\"wp-block-embed__wrapper\">\n<iframe loading=\"lazy\" title=\"TOP HOOTER - WOLF GANG SWEEP FEAT BoriRock produced by MichaelAngelo\" width=\"1050\" height=\"591\" src=\"https:\/\/www.youtube.com\/embed\/YS779PX9r8w?feature=oembed\" frameborder=\"0\" allow=\"accelerometer; autoplay; clipboard-write; encrypted-media; gyroscope; picture-in-picture; web-share\" referrerpolicy=\"strict-origin-when-cross-origin\" allowfullscreen><\/iframe>\n<\/div><\/figure>\n\n\n\n<h5 class=\"wp-block-heading\">Body Bag Ben &amp; Daniel Son &#8211; Brown Body Bags<\/h5>\n\n\n\n<p>Kan lige s\u00e5 godt g\u00f8re det klart med det samme, hip-hop bliver ikke mere dystert, beskidt eller banging end det her. Canadas pt. bedste og mest aktive rapper <strong>Daniel Son<\/strong> (der repr\u00e6senter <strong>Brown Bag Collective<\/strong>) teamer her op med Oxnard, California producer\/rapper <strong>Body Bag Ben<\/strong>, og hvis din nakke ikke nikker til et track som <em>&#8216;Jamaican Rum&#8217;<\/em> eller titeltracket, s\u00e5 er jeg bange for hip-hop ikke er noget for dig. <strong>Body Bag Ben<\/strong>, der f\u00f8r har lavet projekter med <strong>Eto<\/strong> (som ogs\u00e5 g\u00e6ster tracket <em>&#8216;1 Hand Wash The Other&#8217;<\/em> p\u00e5 skiven her) og s\u00e5 sent som i \u00e5r med <strong>Ufo Fev<\/strong> kv\u00e6rner beats af den tungeste slags ud i en lind str\u00f8m, og <strong>Daniel Son<\/strong>s \u00fcberk\u00f8lige stemme skaber en perfekt auditiv symbiose som ikke kan undg\u00e5 at rive \u00e9n med.<\/p>\n\n\n\n<figure class=\"wp-block-embed is-type-video is-provider-youtube wp-block-embed-youtube wp-embed-aspect-4-3 wp-has-aspect-ratio\"><div class=\"wp-block-embed__wrapper\">\n<iframe loading=\"lazy\" title=\"Jamaican Rum\" width=\"1050\" height=\"788\" src=\"https:\/\/www.youtube.com\/embed\/riW2zopbk0s?feature=oembed\" frameborder=\"0\" allow=\"accelerometer; autoplay; clipboard-write; encrypted-media; gyroscope; picture-in-picture; web-share\" referrerpolicy=\"strict-origin-when-cross-origin\" allowfullscreen><\/iframe>\n<\/div><\/figure>\n\n\n\n<h5 class=\"wp-block-heading\">Blut Aus Nord &#8211; Ethereal Horizons<\/h5>\n\n\n\n<p>Den franske avantgarde black-metal trio, er ude med en \u00e5ndelig efterf\u00f8lger til Hallucinogen fra 2019, og det er bestemt ikke en udgivelse man b\u00f8r snyde sig selv for. BAN har altid haft en stor sp\u00e6ndvidde inden for ekstremmetal, og gjort sig b\u00e5de i atmosf\u00e6risk black metal, industriel black samt m\u00f8rke ambiente lydlandskaber. Ethereal Horizons l\u00e6ner sig mest op ad den atmosf\u00e6riske og psykedeliske afart af genren &#8211; som man bl.a. h\u00f8rte det p\u00e5 f\u00f8romtalte &#8216;Hallucinogen&#8217;. Lydbilledet p\u00e5 &#8216;Ethereal Horizons vil jeg nok beskrive som lidt mere futurisk og hypnotisk. Alt i alt virker det som om at BAN forts\u00e6tter med at v\u00e6re s\u00e5 godt som ligeglade med diverse trends, og g\u00f8r hvad de f\u00f8ler for rent musikalsk. Og er det ikke i virkeligheden d\u00e9t det hele handler om?<\/p>\n\n\n\n<figure class=\"wp-block-embed is-type-video is-provider-youtube wp-block-embed-youtube wp-embed-aspect-16-9 wp-has-aspect-ratio\"><div class=\"wp-block-embed__wrapper\">\n<iframe loading=\"lazy\" title=\"Blut Aus Nord - Shadows Breathe First (Official video)\" width=\"1050\" height=\"591\" src=\"https:\/\/www.youtube.com\/embed\/wtNT-lDPEQA?feature=oembed\" frameborder=\"0\" allow=\"accelerometer; autoplay; clipboard-write; encrypted-media; gyroscope; picture-in-picture; web-share\" referrerpolicy=\"strict-origin-when-cross-origin\" allowfullscreen><\/iframe>\n<\/div><\/figure>\n\n\n\n<h5 class=\"wp-block-heading\">Open the Coffin &#8211; Once Alive Always Dead<\/h5>\n\n\n\n<p>Old School D\u00f8dsmetal fra Rio Grande do Norte, Brazil. Faldt over de her gutter p\u00e5 en bustur p\u00e5 en kold og kedelig regnvejrsdag, og de tog i den grad r\u00f8ven p\u00e5 mig. De gav mig svaret p\u00e5 hvad der ville ske hvis Krisiun havde hevet fat i inspirationen til deres d\u00f8dsmetal i Sverige (hvor det foretrukne soniske v\u00e5ben er Boss&#8217; HM-2 pedal med alle indstillinger p\u00e5 max.) , istedet for de forende stater. Smid oveni det en knivspids thrash-metal riffs af den gamle skole, og en ultrabeskidt og gravrusten black inspireret vokal der l\u00e6ner sig en smule op ad Tom Warrior (ex-Celtic Frost), s\u00e5 har du alts\u00e5 200% koncentreret musikalsk skridtprygl af sydamerikansk oprindelse lige i \u00f8regangene.  <\/p>\n\n\n\n<figure class=\"wp-block-embed is-type-video is-provider-youtube wp-block-embed-youtube wp-embed-aspect-4-3 wp-has-aspect-ratio\"><div class=\"wp-block-embed__wrapper\">\n<iframe loading=\"lazy\" title=\"Tomb Number 666\" width=\"1050\" height=\"788\" src=\"https:\/\/www.youtube.com\/embed\/CXuzKoB1lYg?feature=oembed\" frameborder=\"0\" allow=\"accelerometer; autoplay; clipboard-write; encrypted-media; gyroscope; picture-in-picture; web-share\" referrerpolicy=\"strict-origin-when-cross-origin\" allowfullscreen><\/iframe>\n<\/div><\/figure>\n\n\n\n<h5 class=\"wp-block-heading\">Obsidian Tongue &#8211; Eclipsing Worlds of Scorn<\/h5>\n\n\n\n<p><strong>Obsidian Tongue<\/strong> er et amerikansk psykedelisk avantgarde \/ dissonant black-metal act fra Portland, Oregon, og samtidigt et helt nyt bekendtskab for undertegnede. Ikke desto mindre fangede deres musik mig fra starten af, ved konstant at bev\u00e6ge sig gennem sk\u00e6ve taktarter og dunkle lydlandskaber, samt afs\u00f8ge nye afgrundsdybe soniske portaler der transporterer lytteren til en spejldimension af sit eget indre m\u00f8rke. Atmosf\u00e6ren er tyktflydende, men OT mister aldrig fodf\u00e6stet, og holder en perfekt balance mellem den konstant udforskende eksperimenterende natur og aggressionen samt den r\u00e5 kerne i musikken. Hvis du er til ekstrem metal af en lidt mere dybsindig og eksperimenterende karakter, s\u00e5 er der helt sikkert masser at hente p\u00e5 <em>&#8216;Eclipsing Worlds of Scorn&#8217;<\/em><\/p>\n\n\n\n<figure class=\"wp-block-embed is-type-video is-provider-youtube wp-block-embed-youtube wp-embed-aspect-4-3 wp-has-aspect-ratio\"><div class=\"wp-block-embed__wrapper\">\n<iframe loading=\"lazy\" title=\"Snakeskin Tunnel Colony\" width=\"1050\" height=\"788\" src=\"https:\/\/www.youtube.com\/embed\/eXYPIPeIw7I?feature=oembed\" frameborder=\"0\" allow=\"accelerometer; autoplay; clipboard-write; encrypted-media; gyroscope; picture-in-picture; web-share\" referrerpolicy=\"strict-origin-when-cross-origin\" allowfullscreen><\/iframe>\n<\/div><\/figure>\n\n\n\n<h5 class=\"wp-block-heading\">Scorching Tomb &#8211; Ossuary<\/h5>\n\n\n\n<p>Old School Death Metal fra det kolde nord, n\u00e6rmere bestemt Montreal, Quebec, Canada. <strong>Scorching Tomb<\/strong> opfinder ingen dybe tallerkener, men mixer superf\u00e6ngende s\u00f8nderlemmende d\u00f8d af den gamle floridaskole (t\u00e6nk <strong>Monstrosity<\/strong>, <em>&#8216;Spiritual Healing&#8217;<\/em> era-<strong>Death<\/strong> og tidlig <strong>Morbid Angel<\/strong>) med den eksplosive energi fra metallisk hardcore i stil med <strong>Sworn Enemy<\/strong>, <strong>Knuckledust<\/strong> og hedengangne <strong>Stamping Ground<\/strong>. Skal jeg finde en umiddelbar sammenligning m\u00e5 det v\u00e6re nyere bands som <strong>Creeping Death<\/strong> og <strong>Frozen Soul<\/strong>, men skal vi g\u00e5 l\u00e6ngere tilbage, is\u00e6r <strong>Skinless<\/strong> omkring <em>&#8216;Trample The Weak, Hurdle The Dead&#8217;<\/em>. Denne langspiller beviser uden tvivl at de sagtens kan t\u00e5le f\u00f8rn\u00e6vnte sammenligning, for det h\u00e9r er i den grad godkendt, for det er st\u00e6rke sager vi har med at g\u00f8re &#8211; og som Tonni Bonde fra Turbo Modul ville have sagt det &#8220;Fy for en skefuld!&#8221;<\/p>\n\n\n\n<figure class=\"wp-block-embed is-type-video is-provider-youtube wp-block-embed-youtube wp-embed-aspect-4-3 wp-has-aspect-ratio\"><div class=\"wp-block-embed__wrapper\">\n<iframe loading=\"lazy\" title=\"Feel the Blade (feat. Primal Horde)\" width=\"1050\" height=\"788\" src=\"https:\/\/www.youtube.com\/embed\/jqWjMAP6Lb4?feature=oembed\" frameborder=\"0\" allow=\"accelerometer; autoplay; clipboard-write; encrypted-media; gyroscope; picture-in-picture; web-share\" referrerpolicy=\"strict-origin-when-cross-origin\" allowfullscreen><\/iframe>\n<\/div><\/figure>\n\n\n\n<div style=\"height:65px\" aria-hidden=\"true\" class=\"wp-block-spacer\"><\/div>\n\n\n\n<p><\/p>\n","protected":false},"excerpt":{"rendered":"<p>Januar + Februar (korte anbefalinger) Efter en mere eller mindre ufrivillig pause fra LoFrequency er jeg (Martin) igen tilbage med en lille stak anbefalinger til hvad jeg synes er v\u00e6rd at lytte til af udgivelser, samt lidt forvarsler p\u00e5 hvad der er lige om hj\u00f8rnet at gl\u00e6de sig til. Lad os bare hoppe ud i [&hellip;]<\/p>\n","protected":false},"author":1,"featured_media":0,"parent":0,"menu_order":0,"comment_status":"closed","ping_status":"closed","template":"","meta":{"pgc_sgb_lightbox_settings":"","footnotes":""},"class_list":["post-1064","page","type-page","status-publish","hentry"],"blocksy_meta":[],"_links":{"self":[{"href":"https:\/\/lofrequency.dk\/index.php\/wp-json\/wp\/v2\/pages\/1064","targetHints":{"allow":["GET"]}}],"collection":[{"href":"https:\/\/lofrequency.dk\/index.php\/wp-json\/wp\/v2\/pages"}],"about":[{"href":"https:\/\/lofrequency.dk\/index.php\/wp-json\/wp\/v2\/types\/page"}],"author":[{"embeddable":true,"href":"https:\/\/lofrequency.dk\/index.php\/wp-json\/wp\/v2\/users\/1"}],"replies":[{"embeddable":true,"href":"https:\/\/lofrequency.dk\/index.php\/wp-json\/wp\/v2\/comments?post=1064"}],"version-history":[{"count":40,"href":"https:\/\/lofrequency.dk\/index.php\/wp-json\/wp\/v2\/pages\/1064\/revisions"}],"predecessor-version":[{"id":1324,"href":"https:\/\/lofrequency.dk\/index.php\/wp-json\/wp\/v2\/pages\/1064\/revisions\/1324"}],"wp:attachment":[{"href":"https:\/\/lofrequency.dk\/index.php\/wp-json\/wp\/v2\/media?parent=1064"}],"curies":[{"name":"wp","href":"https:\/\/api.w.org\/{rel}","templated":true}]}}